{"id":1110,"date":"2024-06-27T11:12:08","date_gmt":"2024-06-27T11:12:08","guid":{"rendered":"http:\/\/www.taraom.com\/ringe\/"},"modified":"2024-07-03T10:51:17","modified_gmt":"2024-07-03T10:51:17","slug":"ringe","status":"publish","type":"page","link":"https:\/\/www.taraom.com\/de\/ringe\/","title":{"rendered":"Ringe"},"content":{"rendered":"\n\n  <div class=\"banner has-hover\" id=\"banner-2020715139\">\n          <div class=\"banner-inner fill\">\n        <div class=\"banner-bg fill\" >\n            <img loading=\"lazy\" decoding=\"async\" width=\"1020\" height=\"291\" src=\"https:\/\/www.taraom.com\/wp-content\/uploads\/2024\/06\/Fondo-Anillos-1.png\" class=\"bg attachment-large size-large\" alt=\"\" \/>                        <div class=\"overlay\"><\/div>            \n                    <\/div>\n\t\t\n        <div class=\"banner-layers container\">\n            <div class=\"fill banner-link\"><\/div>            \n\n   <div id=\"text-box-1896972933\" class=\"text-box banner-layer x50 md-x50 lg-x50 y10 md-y10 lg-y10 res-text\">\n                                <div class=\"text-box-content text box-shadow-3\">\n              \n              <div class=\"text-inner text-left\">\n                  \n\n<h3 class=\"uppercase\" style=\"text-align: center;\"><strong>SILBERRINGE<\/strong><\/h3>\n\n              <\/div>\n           <\/div>\n                            \n<style>\n#text-box-1896972933 .text-box-content {\n  background-color: rgb(255, 255, 255);\n  font-size: 100%;\n}\n#text-box-1896972933 .text-inner {\n  padding: 10px 10px 10px 10px;\n}\n#text-box-1896972933 {\n  width: 60%;\n}\n@media (min-width:550px) {\n  #text-box-1896972933 {\n    width: 63%;\n  }\n}\n<\/style>\n    <\/div>\n \n\n        <\/div>\n      <\/div>\n\n            \n<style>\n#banner-2020715139 {\n  padding-top: 250px;\n  background-color: rgb(255, 255, 255);\n}\n#banner-2020715139 .overlay {\n  background-color: rgba(190, 190, 190, 0.2);\n}\n<\/style>\n  <\/div>\n\n\n\t<div id=\"gap-1860069573\" class=\"gap-element clearfix\" style=\"display:block; height:auto;\">\n\t\t\n<style>\n#gap-1860069573 {\n  padding-top: 60px;\n}\n<\/style>\n\t<\/div>\n\t\n\n\n  <div class=\"banner has-hover is-full-height\" id=\"banner-265484903\">\n          <div class=\"banner-inner fill\">\n        <div class=\"banner-bg fill\" >\n            <img loading=\"lazy\" decoding=\"async\" width=\"1280\" height=\"725\" src=\"https:\/\/www.taraom.com\/wp-content\/uploads\/2024\/06\/Tribu-Karen.jpg\" class=\"bg attachment-original size-original\" alt=\"\" \/>                        <div class=\"overlay\"><\/div>            \n                    <\/div>\n\t\t\n        <div class=\"banner-layers container\">\n            <div class=\"fill banner-link\"><\/div>            \n\n   <div id=\"text-box-795915827\" class=\"text-box banner-layer x5 md-x5 lg-x5 y50 md-y50 lg-y50 res-text\">\n                                <div class=\"text-box-content text box-shadow-3\">\n              \n              <div class=\"text-inner text-left\">\n                  \n\n<h2 class=\"uppercase\"><strong>KAREN-STAMM<\/strong><\/h2>\n<h3>Ringe-Kollektion 2018<\/h3>\n<p>Silberringe, hergestellt vom Stamm der Karen, der in den Bergen Nordthailands, Laos und Burmas lebt und f\u00fcr seinen wundersch\u00f6nen Silberschmuck bekannt ist.<\/p>\n<p>Karen-Schmuck besteht zu 97 bis 98 % aus Silber; ein deutlich h\u00f6herer Gehalt als Sterlingsilber, das 92,5 % enth\u00e4lt. Das macht sie zu einzigartigen und exklusiven St\u00fccken; heller und korrosionsbest\u00e4ndiger.<\/p>\n\n              <\/div>\n           <\/div>\n                            \n<style>\n#text-box-795915827 .text-box-content {\n  background-color: rgb(255, 255, 255);\n  font-size: 100%;\n}\n#text-box-795915827 .text-inner {\n  padding: 30px 30px 30px 30px;\n}\n#text-box-795915827 {\n  width: 60%;\n}\n@media (min-width:550px) {\n  #text-box-795915827 {\n    width: 40%;\n  }\n}\n<\/style>\n    <\/div>\n \n\n        <\/div>\n      <\/div>\n\n            \n<style>\n#banner-265484903 {\n  padding-top: 100%;\n  background-color: rgb(255, 255, 255);\n}\n#banner-265484903 .overlay {\n  background-color: rgba(190, 190, 190, 0.2);\n}\n#banner-265484903 .banner-bg img {\n  object-position: 36% 4%;\n}\n@media (min-width:550px) {\n  #banner-265484903 {\n    padding-top: 100%;\n  }\n}\n<\/style>\n  <\/div>\n\n\n\t<div id=\"gap-1014522131\" class=\"gap-element clearfix\" style=\"display:block; height:auto;\">\n\t\t\n<style>\n#gap-1014522131 {\n  padding-top: 60px;\n}\n<\/style>\n\t<\/div>\n\t\n\n<div class=\"row\"  id=\"row-286130431\">\n\n\n\t<div id=\"col-1242117621\" class=\"col small-12 large-12\"  >\n\t\t\t\t<div class=\"col-inner\"  >\n\t\t\t\n\t\t\t\n\n\t\n  \n    <div class=\"row  equalize-box large-columns-4 medium-columns-3 small-columns-2 row-small\" >\n  <\/div>\n\n\n\t\t<\/div>\n\t\t\t\t\t<\/div>\n\n\t\n\n\n<style>\n#row-286130431 > .col > .col-inner {\n  padding: 0px 20px 0px 20px;\n}\n<\/style>\n<\/div>\n<div class=\"row\"  id=\"row-2121997243\">\n\n\n\t<div id=\"col-344697667\" class=\"col small-12 large-12\"  >\n\t\t\t\t<div class=\"col-inner\"  >\n\t\t\t\n\t\t\t\n\n<h3 style=\"text-align: center;\">EXKLUSIVE Silberringe<\/h3>\n<p>Finden Sie hier Ihren aufregenden, exklusiv gestalteten Silberring. Diese zu 100 % handgefertigten Schmuckst\u00fccke werden durch die Kombination der uralten Tradition der Silberschmiedemeister mit den neuesten Design- und Produktionstechniken hergestellt. Hergestellt aus Sterlingsilber, Gold oder Rhodinierung.<\/p>\n<p> <\/p>\n\t\n  \n    <div class=\"row  equalize-box large-columns-4 medium-columns-3 small-columns-2 row-small\" >\n  <\/div>\n\n\n\t\t<\/div>\n\t\t\t\t\t<\/div>\n\n\t\n\n\n<style>\n#row-2121997243 > .col > .col-inner {\n  padding: 0px 20px 0px 20px;\n}\n<\/style>\n<\/div>\n<div class=\"row\"  id=\"row-856341024\">\n\n\n\t<div id=\"col-1641929254\" class=\"col small-12 large-12\"  >\n\t\t\t\t<div class=\"col-inner\"  >\n\t\t\t\n\t\t\t\n\n<h3 style=\"text-align: center;\">BANGKOK-Silberringe<\/h3>\n<p> Originelle Silberringe aus zeitgen\u00f6ssischem Schmuck, ideal sowohl f\u00fcr den t\u00e4glichen Gebrauch als auch als tolles Geschenk. Tragen Sie sie als Solit\u00e4r-Silberring oder kombinieren Sie mehrere, um einen unwiderstehlichen Effekt zu erzielen. Hergestellt aus 925er Feinsilber.<\/p>\n\n\t\t<\/div>\n\t\t\t\t\t<\/div>\n\n\t\n\n\n<style>\n#row-856341024 > .col > .col-inner {\n  padding: 0px 20px 0px 20px;\n}\n<\/style>\n<\/div>\n\n","protected":false},"excerpt":{"rendered":"","protected":false},"author":1,"featured_media":0,"parent":0,"menu_order":0,"comment_status":"closed","ping_status":"closed","template":"page-blank.php","meta":{"footnotes":""},"class_list":["post-1110","page","type-page","status-publish","hentry"],"yoast_head":"<!-- This site is optimized with the Yoast SEO plugin v26.1.1 - https:\/\/yoast.com\/wordpress\/plugins\/seo\/ -->\n<title>Ringe - Tara<\/title>\n<meta name=\"robots\" content=\"index, follow, max-snippet:-1, max-image-preview:large, max-video-preview:-1\" \/>\n<link rel=\"canonical\" href=\"https:\/\/www.taraom.com\/anillos\/\" \/>\n<meta property=\"og:locale\" content=\"de_DE\" \/>\n<meta property=\"og:type\" content=\"article\" \/>\n<meta property=\"og:title\" content=\"Ringe - Tara\" \/>\n<meta property=\"og:url\" content=\"https:\/\/www.taraom.com\/anillos\/\" \/>\n<meta property=\"og:site_name\" content=\"Tara\" \/>\n<meta property=\"article:modified_time\" content=\"2024-07-03T10:51:17+00:00\" \/>\n<meta name=\"twitter:card\" content=\"summary_large_image\" \/>\n<meta name=\"twitter:label1\" content=\"Gesch\u00e4tzte Lesezeit\" \/>\n\t<meta name=\"twitter:data1\" content=\"1\u00a0Minute\" \/>\n<script type=\"application\/ld+json\" class=\"yoast-schema-graph\">{\"@context\":\"https:\/\/schema.org\",\"@graph\":[{\"@type\":\"WebPage\",\"@id\":\"https:\/\/www.taraom.com\/anillos\/\",\"url\":\"https:\/\/www.taraom.com\/anillos\/\",\"name\":\"Ringe - Tara\",\"isPartOf\":{\"@id\":\"https:\/\/www.taraom.com\/#website\"},\"datePublished\":\"2024-06-27T11:12:08+00:00\",\"dateModified\":\"2024-07-03T10:51:17+00:00\",\"breadcrumb\":{\"@id\":\"https:\/\/www.taraom.com\/anillos\/#breadcrumb\"},\"inLanguage\":\"de\",\"potentialAction\":[{\"@type\":\"ReadAction\",\"target\":[\"https:\/\/www.taraom.com\/anillos\/\"]}]},{\"@type\":\"BreadcrumbList\",\"@id\":\"https:\/\/www.taraom.com\/anillos\/#breadcrumb\",\"itemListElement\":[{\"@type\":\"ListItem\",\"position\":1,\"name\":\"Portada\",\"item\":\"https:\/\/www.taraom.com\/\"},{\"@type\":\"ListItem\",\"position\":2,\"name\":\"Ringe\"}]},{\"@type\":\"WebSite\",\"@id\":\"https:\/\/www.taraom.com\/#website\",\"url\":\"https:\/\/www.taraom.com\/\",\"name\":\"Tara\",\"description\":\"\",\"potentialAction\":[{\"@type\":\"SearchAction\",\"target\":{\"@type\":\"EntryPoint\",\"urlTemplate\":\"https:\/\/www.taraom.com\/?s={search_term_string}\"},\"query-input\":{\"@type\":\"PropertyValueSpecification\",\"valueRequired\":true,\"valueName\":\"search_term_string\"}}],\"inLanguage\":\"de\"}]}<\/script>\n<!-- \/ Yoast SEO plugin. -->","yoast_head_json":{"title":"Ringe - Tara","robots":{"index":"index","follow":"follow","max-snippet":"max-snippet:-1","max-image-preview":"max-image-preview:large","max-video-preview":"max-video-preview:-1"},"canonical":"https:\/\/www.taraom.com\/anillos\/","og_locale":"de_DE","og_type":"article","og_title":"Ringe - Tara","og_url":"https:\/\/www.taraom.com\/anillos\/","og_site_name":"Tara","article_modified_time":"2024-07-03T10:51:17+00:00","twitter_card":"summary_large_image","twitter_misc":{"Gesch\u00e4tzte Lesezeit":"1\u00a0Minute"},"schema":{"@context":"https:\/\/schema.org","@graph":[{"@type":"WebPage","@id":"https:\/\/www.taraom.com\/anillos\/","url":"https:\/\/www.taraom.com\/anillos\/","name":"Ringe - Tara","isPartOf":{"@id":"https:\/\/www.taraom.com\/#website"},"datePublished":"2024-06-27T11:12:08+00:00","dateModified":"2024-07-03T10:51:17+00:00","breadcrumb":{"@id":"https:\/\/www.taraom.com\/anillos\/#breadcrumb"},"inLanguage":"de","potentialAction":[{"@type":"ReadAction","target":["https:\/\/www.taraom.com\/anillos\/"]}]},{"@type":"BreadcrumbList","@id":"https:\/\/www.taraom.com\/anillos\/#breadcrumb","itemListElement":[{"@type":"ListItem","position":1,"name":"Portada","item":"https:\/\/www.taraom.com\/"},{"@type":"ListItem","position":2,"name":"Ringe"}]},{"@type":"WebSite","@id":"https:\/\/www.taraom.com\/#website","url":"https:\/\/www.taraom.com\/","name":"Tara","description":"","potentialAction":[{"@type":"SearchAction","target":{"@type":"EntryPoint","urlTemplate":"https:\/\/www.taraom.com\/?s={search_term_string}"},"query-input":{"@type":"PropertyValueSpecification","valueRequired":true,"valueName":"search_term_string"}}],"inLanguage":"de"}]}},"jetpack_sharing_enabled":true,"_links":{"self":[{"href":"https:\/\/www.taraom.com\/de\/wp-json\/wp\/v2\/pages\/1110","targetHints":{"allow":["GET"]}}],"collection":[{"href":"https:\/\/www.taraom.com\/de\/wp-json\/wp\/v2\/pages"}],"about":[{"href":"https:\/\/www.taraom.com\/de\/wp-json\/wp\/v2\/types\/page"}],"author":[{"embeddable":true,"href":"https:\/\/www.taraom.com\/de\/wp-json\/wp\/v2\/users\/1"}],"replies":[{"embeddable":true,"href":"https:\/\/www.taraom.com\/de\/wp-json\/wp\/v2\/comments?post=1110"}],"version-history":[{"count":1,"href":"https:\/\/www.taraom.com\/de\/wp-json\/wp\/v2\/pages\/1110\/revisions"}],"predecessor-version":[{"id":1111,"href":"https:\/\/www.taraom.com\/de\/wp-json\/wp\/v2\/pages\/1110\/revisions\/1111"}],"wp:attachment":[{"href":"https:\/\/www.taraom.com\/de\/wp-json\/wp\/v2\/media?parent=1110"}],"curies":[{"name":"wp","href":"https:\/\/api.w.org\/{rel}","templated":true}]}}